{"id":1225,"date":"2023-04-17T08:49:04","date_gmt":"2023-04-17T06:49:04","guid":{"rendered":"https:\/\/usc2.uscagnes-natation.fr\/?page_id=1225"},"modified":"2025-08-28T11:22:14","modified_gmt":"2025-08-28T09:22:14","slug":"jardin-aquatique","status":"publish","type":"page","link":"https:\/\/usc2.uscagnes-natation.fr\/index.php\/jardin-aquatique\/","title":{"rendered":"Jardin aquatique"},"content":{"rendered":"\t\t<div data-elementor-type=\"wp-page\" data-elementor-id=\"1225\" class=\"elementor elementor-1225\">\n\t\t\t\t\t\t\t\t\t<section class=\"elementor-section elementor-top-section elementor-element elementor-element-be0cddc elementor-section-height-min-height elementor-section-boxed elementor-section-height-default elementor-section-items-middle\" data-id=\"be0cddc\" data-element_type=\"section\" data-settings=\"{&quot;background_background&quot;:&quot;classic&quot;}\">\n\t\t\t\t\t\t<div class=\"elementor-container elementor-column-gap-default\">\n\t\t\t\t\t<div class=\"elementor-column elementor-col-100 elementor-top-column elementor-element elementor-element-f7dedb3\" data-id=\"f7dedb3\" data-element_type=\"column\">\n\t\t\t<div class=\"elementor-widget-wrap elementor-element-populated\">\n\t\t\t\t\t\t\t\t<div class=\"elementor-element elementor-element-df1399d elementor-widget elementor-widget-spacer\" data-id=\"df1399d\" data-element_type=\"widget\" data-widget_type=\"spacer.default\">\n\t\t\t\t<div class=\"elementor-widget-container\">\n\t\t\t<style>\/*! elementor - v3.16.0 - 20-09-2023 *\/\n.elementor-column .elementor-spacer-inner{height:var(--spacer-size)}.e-con{--container-widget-width:100%}.e-con-inner>.elementor-widget-spacer,.e-con>.elementor-widget-spacer{width:var(--container-widget-width,var(--spacer-size));--align-self:var(--container-widget-align-self,initial);--flex-shrink:0}.e-con-inner>.elementor-widget-spacer>.elementor-widget-container,.e-con>.elementor-widget-spacer>.elementor-widget-container{height:100%;width:100%}.e-con-inner>.elementor-widget-spacer>.elementor-widget-container>.elementor-spacer,.e-con>.elementor-widget-spacer>.elementor-widget-container>.elementor-spacer{height:100%}.e-con-inner>.elementor-widget-spacer>.elementor-widget-container>.elementor-spacer>.elementor-spacer-inner,.e-con>.elementor-widget-spacer>.elementor-widget-container>.elementor-spacer>.elementor-spacer-inner{height:var(--container-widget-height,var(--spacer-size))}.e-con-inner>.elementor-widget-spacer.elementor-widget-empty,.e-con>.elementor-widget-spacer.elementor-widget-empty{position:relative;min-height:22px;min-width:22px}.e-con-inner>.elementor-widget-spacer.elementor-widget-empty .elementor-widget-empty-icon,.e-con>.elementor-widget-spacer.elementor-widget-empty .elementor-widget-empty-icon{position:absolute;top:0;bottom:0;left:0;right:0;margin:auto;padding:0;width:22px;height:22px}<\/style>\t\t<div class=\"elementor-spacer\">\n\t\t\t<div class=\"elementor-spacer-inner\"><\/div>\n\t\t<\/div>\n\t\t\t\t<\/div>\n\t\t\t\t<\/div>\n\t\t\t\t\t<\/div>\n\t\t<\/div>\n\t\t\t\t\t\t\t<\/div>\n\t\t<\/section>\n\t\t\t\t<section class=\"elementor-section elementor-top-section elementor-element elementor-element-7355d49 elementor-section-boxed elementor-section-height-default elementor-section-height-default\" data-id=\"7355d49\" data-element_type=\"section\">\n\t\t\t\t\t\t<div class=\"elementor-container elementor-column-gap-default\">\n\t\t\t\t\t<div class=\"elementor-column elementor-col-100 elementor-top-column elementor-element elementor-element-4a96d01\" data-id=\"4a96d01\" data-element_type=\"column\">\n\t\t\t<div class=\"elementor-widget-wrap elementor-element-populated\">\n\t\t\t\t\t\t\t\t<div class=\"elementor-element elementor-element-bd6a5ab elementor-widget elementor-widget-spacer\" data-id=\"bd6a5ab\" data-element_type=\"widget\" data-widget_type=\"spacer.default\">\n\t\t\t\t<div class=\"elementor-widget-container\">\n\t\t\t\t\t<div class=\"elementor-spacer\">\n\t\t\t<div class=\"elementor-spacer-inner\"><\/div>\n\t\t<\/div>\n\t\t\t\t<\/div>\n\t\t\t\t<\/div>\n\t\t\t\t<div class=\"elementor-element elementor-element-127bfb5 elementor-widget elementor-widget-heading\" data-id=\"127bfb5\" data-element_type=\"widget\" data-widget_type=\"heading.default\">\n\t\t\t\t<div class=\"elementor-widget-container\">\n\t\t\t<style>\/*! elementor - v3.16.0 - 20-09-2023 *\/\n.elementor-heading-title{padding:0;margin:0;line-height:1}.elementor-widget-heading .elementor-heading-title[class*=elementor-size-]>a{color:inherit;font-size:inherit;line-height:inherit}.elementor-widget-heading .elementor-heading-title.elementor-size-small{font-size:15px}.elementor-widget-heading .elementor-heading-title.elementor-size-medium{font-size:19px}.elementor-widget-heading .elementor-heading-title.elementor-size-large{font-size:29px}.elementor-widget-heading .elementor-heading-title.elementor-size-xl{font-size:39px}.elementor-widget-heading .elementor-heading-title.elementor-size-xxl{font-size:59px}<\/style><h2 class=\"elementor-heading-title elementor-size-default\">Jardin aquatique<\/h2>\t\t<\/div>\n\t\t\t\t<\/div>\n\t\t\t\t<div class=\"elementor-element elementor-element-cfa35fd elementor-widget elementor-widget-spacer\" data-id=\"cfa35fd\" data-element_type=\"widget\" data-widget_type=\"spacer.default\">\n\t\t\t\t<div class=\"elementor-widget-container\">\n\t\t\t\t\t<div class=\"elementor-spacer\">\n\t\t\t<div class=\"elementor-spacer-inner\"><\/div>\n\t\t<\/div>\n\t\t\t\t<\/div>\n\t\t\t\t<\/div>\n\t\t\t\t<div class=\"elementor-element elementor-element-91ac602 elementor-widget elementor-widget-heading\" data-id=\"91ac602\" data-element_type=\"widget\" data-widget_type=\"heading.default\">\n\t\t\t\t<div class=\"elementor-widget-container\">\n\t\t\t<h4 class=\"elementor-heading-title elementor-size-default\"><strong>Des moments d'exception avec votre enfant \u00e0 la d\u00e9couverte de l'\u00e9veil aquatique<\/strong><\/h4>\t\t<\/div>\n\t\t\t\t<\/div>\n\t\t\t\t\t<\/div>\n\t\t<\/div>\n\t\t\t\t\t\t\t<\/div>\n\t\t<\/section>\n\t\t\t\t<section class=\"elementor-section elementor-top-section elementor-element elementor-element-6f7372f elementor-section-boxed elementor-section-height-default elementor-section-height-default\" data-id=\"6f7372f\" data-element_type=\"section\">\n\t\t\t\t\t\t<div class=\"elementor-container elementor-column-gap-default\">\n\t\t\t\t\t<div class=\"elementor-column elementor-col-66 elementor-top-column elementor-element elementor-element-4712c77\" data-id=\"4712c77\" data-element_type=\"column\">\n\t\t\t<div class=\"elementor-widget-wrap elementor-element-populated\">\n\t\t\t\t\t\t\t\t<div class=\"elementor-element elementor-element-70d0f65 elementor-widget elementor-widget-text-editor\" data-id=\"70d0f65\" data-element_type=\"widget\" data-widget_type=\"text-editor.default\">\n\t\t\t\t<div class=\"elementor-widget-container\">\n\t\t\t<style>\/*! elementor - v3.16.0 - 20-09-2023 *\/\n.elementor-widget-text-editor.elementor-drop-cap-view-stacked .elementor-drop-cap{background-color:#69727d;color:#fff}.elementor-widget-text-editor.elementor-drop-cap-view-framed .elementor-drop-cap{color:#69727d;border:3px solid;background-color:transparent}.elementor-widget-text-editor:not(.elementor-drop-cap-view-default) .elementor-drop-cap{margin-top:8px}.elementor-widget-text-editor:not(.elementor-drop-cap-view-default) .elementor-drop-cap-letter{width:1em;height:1em}.elementor-widget-text-editor .elementor-drop-cap{float:left;text-align:center;line-height:1;font-size:50px}.elementor-widget-text-editor .elementor-drop-cap-letter{display:inline-block}<\/style>\t\t\t\t<p>Cette activit\u00e9 pr\u00e9coce&nbsp;pr\u00e9sente un int\u00e9r\u00eat&nbsp;certain en permettant \u00e0 l&rsquo;enfant d&rsquo;appr\u00e9hender l&rsquo;eau sans la redouter, de se familiariser avec le milieu aquatique et de s&rsquo;y \u00e9panouir dans les meilleures conditions. L&rsquo;enfant gagnera en autonomie et en exp\u00e9riences gr\u00e2ce aux outils p\u00e9dagogiques adapt\u00e9s qui \u00e9quipent le bassin&nbsp;et aux jouets color\u00e9s qui flottent \u00e0 la surface.&nbsp;<\/p><p>A&nbsp;travers le jeu, des messages d&rsquo;ouverture sur le monde :&nbsp;votre enfant s&rsquo;ouvre aux autres et se tournera vers l&rsquo;ext\u00e9rieur pour attraper et utiliser intuitivement&nbsp;les structures mises \u00e0&nbsp;sa disposition dans le bassin.&nbsp;<\/p><p>Ce faisant, il exerce ses fonctions de coordination visuelle et motrice&#8230; S&rsquo;en suivra naturellement les immersions qui seront toujours propos\u00e9es jamais impos\u00e9es, le d\u00e9veloppement de la p\u00e9riode positionnelle et enfin l&rsquo;exploration de la profondeur par les plongeons et les sauts. L&rsquo;ensemble de ces conduites participent \u00e0 l&rsquo;\u00e9l\u00e9boration de son sch\u00e9ma corporel.<\/p>\t\t\t\t\t\t<\/div>\n\t\t\t\t<\/div>\n\t\t\t\t<div class=\"elementor-element elementor-element-ecded0e elementor-widget__width-initial elementor-widget elementor-widget-image\" data-id=\"ecded0e\" data-element_type=\"widget\" data-widget_type=\"image.default\">\n\t\t\t\t<div class=\"elementor-widget-container\">\n\t\t\t<style>\/*! elementor - v3.16.0 - 20-09-2023 *\/\n.elementor-widget-image{text-align:center}.elementor-widget-image a{display:inline-block}.elementor-widget-image a img[src$=\".svg\"]{width:48px}.elementor-widget-image img{vertical-align:middle;display:inline-block}<\/style>\t\t\t\t\t\t\t\t\t\t\t\t<img decoding=\"async\" width=\"1200\" height=\"1006\" src=\"https:\/\/usc2.uscagnes-natation.fr\/wp-content\/uploads\/2023\/04\/Jardin-aquatique_LARGE.jpg\" class=\"attachment-1536x1536 size-1536x1536 wp-image-1253\" alt=\"\" loading=\"lazy\" srcset=\"https:\/\/usc2.uscagnes-natation.fr\/wp-content\/uploads\/2023\/04\/Jardin-aquatique_LARGE.jpg 1200w, https:\/\/usc2.uscagnes-natation.fr\/wp-content\/uploads\/2023\/04\/Jardin-aquatique_LARGE-300x252.jpg 300w, https:\/\/usc2.uscagnes-natation.fr\/wp-content\/uploads\/2023\/04\/Jardin-aquatique_LARGE-1024x858.jpg 1024w, https:\/\/usc2.uscagnes-natation.fr\/wp-content\/uploads\/2023\/04\/Jardin-aquatique_LARGE-768x644.jpg 768w\" sizes=\"(max-width: 1200px) 100vw, 1200px\" \/>\t\t\t\t\t\t\t\t\t\t\t\t\t\t\t<\/div>\n\t\t\t\t<\/div>\n\t\t\t\t\t<\/div>\n\t\t<\/div>\n\t\t\t\t<div class=\"elementor-column elementor-col-33 elementor-top-column elementor-element elementor-element-6122a35\" data-id=\"6122a35\" data-element_type=\"column\">\n\t\t\t<div class=\"elementor-widget-wrap elementor-element-populated\">\n\t\t\t\t\t\t\t\t<div class=\"elementor-element elementor-element-40962ca elementor-widget elementor-widget-text-editor\" data-id=\"40962ca\" data-element_type=\"widget\" data-widget_type=\"text-editor.default\">\n\t\t\t\t<div class=\"elementor-widget-container\">\n\t\t\t\t\t\t\t<div id=\"J0cOPaHJ\" class=\"tw-para twps-panel\"><h3>Horaires<\/h3><div class=\"ptext\"><p><strong><u>6 mois \u00e0 2 ans\u00a01\/2\u00a0<\/u>:<br \/><\/strong>Samedi\u00a0 \u00a008h50\u00a0 \u00a0\u00e0\u00a0 \u00a009h40<\/p><p><u><strong>2 ans 1\/2 \u00e0 5 ans<\/strong><\/u>\u00a0:\u00a0<br \/>Samedi\u00a0 \u00a009h40\u00a0 \u00a0\u00e0\u00a0 \u00a010h30<\/p><\/div><\/div><div id=\"ePkU9CrS\" class=\"tw-para twps-panel\"><h3><strong>Tarifs<\/strong><strong>\u00a0<\/strong><\/h3><div class=\"ptext\"><p><strong>COTISATION TRIMESTRIELLE <\/strong><\/p><p><strong>1er T<u><br \/><\/u><\/strong>1er adh\u00e9rent.e\u00a0 \u00a0 \u00a0:<strong> 105\u20ac<\/strong>\u00a0<br \/>2\u00e8me adh\u00e9rent.e :\u00a0 <strong>95<\/strong><strong>\u20ac<\/strong><\/p><p><strong>2\u00e8me T et 3\u00e8me T<u><br \/><\/u><\/strong>1er adh\u00e9rent.e\u00a0 \u00a0 \u00a0:<strong> 110\u20ac<\/strong>\u00a0<br \/>2\u00e8me adh\u00e9rent.e : <strong>100\u20ac<\/strong><\/p><p><strong>LICENCE FEDERALE\u00a0<\/strong><strong>ANNUELLE\u00a0 32<\/strong><strong>\u20ac<\/strong><\/p><\/div><\/div>\t\t\t\t\t\t<\/div>\n\t\t\t\t<\/div>\n\t\t\t\t\t<\/div>\n\t\t<\/div>\n\t\t\t\t\t\t\t<\/div>\n\t\t<\/section>\n\t\t\t\t<section class=\"elementor-section elementor-top-section elementor-element elementor-element-1bd1bbc elementor-section-boxed elementor-section-height-default elementor-section-height-default\" data-id=\"1bd1bbc\" data-element_type=\"section\">\n\t\t\t\t\t\t<div class=\"elementor-container elementor-column-gap-default\">\n\t\t\t\t\t<div class=\"elementor-column elementor-col-100 elementor-top-column elementor-element elementor-element-f1da08c\" data-id=\"f1da08c\" data-element_type=\"column\">\n\t\t\t<div class=\"elementor-widget-wrap elementor-element-populated\">\n\t\t\t\t\t\t\t\t<div class=\"elementor-element elementor-element-db4346a elementor-widget elementor-widget-video\" data-id=\"db4346a\" data-element_type=\"widget\" data-settings=\"{&quot;video_type&quot;:&quot;hosted&quot;,&quot;controls&quot;:&quot;yes&quot;}\" data-widget_type=\"video.default\">\n\t\t\t\t<div class=\"elementor-widget-container\">\n\t\t\t<style>\/*! elementor - v3.16.0 - 20-09-2023 *\/\n.elementor-widget-video .elementor-widget-container{overflow:hidden;transform:translateZ(0)}.elementor-widget-video .elementor-wrapper{aspect-ratio:var(--video-aspect-ratio)}.elementor-widget-video .elementor-wrapper iframe,.elementor-widget-video .elementor-wrapper video{height:100%;width:100%;display:flex;border:none;background-color:#000}@supports not (aspect-ratio:1\/1){.elementor-widget-video .elementor-wrapper{position:relative;overflow:hidden;height:0;padding-bottom:calc(100% \/ var(--video-aspect-ratio))}.elementor-widget-video .elementor-wrapper iframe,.elementor-widget-video .elementor-wrapper video{position:absolute;top:0;right:0;bottom:0;left:0}}.elementor-widget-video .elementor-open-inline .elementor-custom-embed-image-overlay{position:absolute;top:0;right:0;bottom:0;left:0;background-size:cover;background-position:50%}.elementor-widget-video .elementor-custom-embed-image-overlay{cursor:pointer;text-align:center}.elementor-widget-video .elementor-custom-embed-image-overlay:hover .elementor-custom-embed-play i{opacity:1}.elementor-widget-video .elementor-custom-embed-image-overlay img{display:block;width:100%;aspect-ratio:var(--video-aspect-ratio);-o-object-fit:cover;object-fit:cover;-o-object-position:center center;object-position:center center}@supports not (aspect-ratio:1\/1){.elementor-widget-video .elementor-custom-embed-image-overlay{position:relative;overflow:hidden;height:0;padding-bottom:calc(100% \/ var(--video-aspect-ratio))}.elementor-widget-video .elementor-custom-embed-image-overlay img{position:absolute;top:0;right:0;bottom:0;left:0}}.elementor-widget-video .e-hosted-video .elementor-video{-o-object-fit:cover;object-fit:cover}.e-con-inner>.elementor-widget-video,.e-con>.elementor-widget-video{width:var(--container-widget-width);--flex-grow:var(--container-widget-flex-grow)}<\/style>\t\t<div class=\"e-hosted-video elementor-wrapper elementor-open-inline\">\n\t\t\t\t\t<video class=\"elementor-video\" src=\"https:\/\/usc2.uscagnes-natation.fr\/wp-content\/uploads\/2023\/04\/VIDEO-EVEIL-AQUATIQUE.mp4\" controls=\"\" preload=\"metadata\" controlsList=\"nodownload\" poster=\"https:\/\/usc2.uscagnes-natation.fr\/wp-content\/uploads\/2023\/04\/vignette-video-bb.jpg\"><\/video>\n\t\t\t\t<\/div>\n\t\t\t\t<\/div>\n\t\t\t\t<\/div>\n\t\t\t\t\t<\/div>\n\t\t<\/div>\n\t\t\t\t\t\t\t<\/div>\n\t\t<\/section>\n\t\t\t\t\t\t\t<\/div>\n\t\t","protected":false},"excerpt":{"rendered":"<p>Jardin aquatique Des moments d&rsquo;exception avec votre enfant \u00e0 la d\u00e9couverte de l&rsquo;\u00e9veil aquatique Cette activit\u00e9 pr\u00e9coce&nbsp;pr\u00e9sente un int\u00e9r\u00eat&nbsp;certain en permettant \u00e0 l&rsquo;enfant d&rsquo;appr\u00e9hender l&rsquo;eau sans la redouter, de se familiariser avec le milieu aquatique et de s&rsquo;y \u00e9panouir dans les meilleures conditions. L&rsquo;enfant gagnera en autonomie et en exp\u00e9riences gr\u00e2ce aux outils p\u00e9dagogiques adapt\u00e9s &hellip;<\/p>\n<p class=\"read-more\"> <a class=\"\" href=\"https:\/\/usc2.uscagnes-natation.fr\/index.php\/jardin-aquatique\/\"> <span class=\"screen-reader-text\">Jardin aquatique<\/span> Lire la suite\u00a0\u00bb<\/a><\/p>\n","protected":false},"author":1,"featured_media":0,"parent":0,"menu_order":0,"comment_status":"closed","ping_status":"closed","template":"","meta":{"_uag_custom_page_level_css":"","site-sidebar-layout":"no-sidebar","site-content-layout":"page-builder","ast-global-header-display":"","ast-main-header-display":"","ast-hfb-above-header-display":"","ast-hfb-below-header-display":"","ast-hfb-mobile-header-display":"","site-post-title":"disabled","ast-breadcrumbs-content":"","ast-featured-img":"disabled","footer-sml-layout":"","theme-transparent-header-meta":"","adv-header-id-meta":"","stick-header-meta":"","header-above-stick-meta":"","header-main-stick-meta":"","header-below-stick-meta":""},"uagb_featured_image_src":{"full":false,"thumbnail":false,"medium":false,"medium_large":false,"large":false,"1536x1536":false,"2048x2048":false},"uagb_author_info":{"display_name":"usc.natation","author_link":"https:\/\/usc2.uscagnes-natation.fr\/index.php\/author\/usc-natation\/"},"uagb_comment_info":0,"uagb_excerpt":"Jardin aquatique Des moments d&rsquo;exception avec votre enfant \u00e0 la d\u00e9couverte de l&rsquo;\u00e9veil aquatique Cette activit\u00e9 pr\u00e9coce&nbsp;pr\u00e9sente un int\u00e9r\u00eat&nbsp;certain en permettant \u00e0 l&rsquo;enfant d&rsquo;appr\u00e9hender l&rsquo;eau sans la redouter, de se familiariser avec le milieu aquatique et de s&rsquo;y \u00e9panouir dans les meilleures conditions. L&rsquo;enfant gagnera en autonomie et en exp\u00e9riences gr\u00e2ce aux outils p\u00e9dagogiques adapt\u00e9s\u2026","_links":{"self":[{"href":"https:\/\/usc2.uscagnes-natation.fr\/index.php\/wp-json\/wp\/v2\/pages\/1225"}],"collection":[{"href":"https:\/\/usc2.uscagnes-natation.fr\/index.php\/wp-json\/wp\/v2\/pages"}],"about":[{"href":"https:\/\/usc2.uscagnes-natation.fr\/index.php\/wp-json\/wp\/v2\/types\/page"}],"author":[{"embeddable":true,"href":"https:\/\/usc2.uscagnes-natation.fr\/index.php\/wp-json\/wp\/v2\/users\/1"}],"replies":[{"embeddable":true,"href":"https:\/\/usc2.uscagnes-natation.fr\/index.php\/wp-json\/wp\/v2\/comments?post=1225"}],"version-history":[{"count":40,"href":"https:\/\/usc2.uscagnes-natation.fr\/index.php\/wp-json\/wp\/v2\/pages\/1225\/revisions"}],"predecessor-version":[{"id":2289,"href":"https:\/\/usc2.uscagnes-natation.fr\/index.php\/wp-json\/wp\/v2\/pages\/1225\/revisions\/2289"}],"wp:attachment":[{"href":"https:\/\/usc2.uscagnes-natation.fr\/index.php\/wp-json\/wp\/v2\/media?parent=1225"}],"curies":[{"name":"wp","href":"https:\/\/api.w.org\/{rel}","templated":true}]}}