{"id":1376,"date":"2023-04-18T11:09:53","date_gmt":"2023-04-18T09:09:53","guid":{"rendered":"https:\/\/usc2.uscagnes-natation.fr\/?page_id=1376"},"modified":"2025-09-01T12:46:36","modified_gmt":"2025-09-01T10:46:36","slug":"aquagym","status":"publish","type":"page","link":"https:\/\/usc2.uscagnes-natation.fr\/index.php\/aquagym\/","title":{"rendered":"Aquagym"},"content":{"rendered":"\t\t<div data-elementor-type=\"wp-page\" data-elementor-id=\"1376\" class=\"elementor elementor-1376\">\n\t\t\t\t\t\t\t\t\t<section class=\"elementor-section elementor-top-section elementor-element elementor-element-9d03f68 elementor-section-height-min-height elementor-section-boxed elementor-section-height-default elementor-section-items-middle\" data-id=\"9d03f68\" data-element_type=\"section\" data-settings=\"{&quot;background_background&quot;:&quot;classic&quot;}\">\n\t\t\t\t\t\t<div class=\"elementor-container elementor-column-gap-default\">\n\t\t\t\t\t<div class=\"elementor-column elementor-col-100 elementor-top-column elementor-element elementor-element-d27d4f1\" data-id=\"d27d4f1\" data-element_type=\"column\">\n\t\t\t<div class=\"elementor-widget-wrap elementor-element-populated\">\n\t\t\t\t\t\t\t\t<div class=\"elementor-element elementor-element-fb8124e elementor-widget elementor-widget-spacer\" data-id=\"fb8124e\" data-element_type=\"widget\" data-widget_type=\"spacer.default\">\n\t\t\t\t<div class=\"elementor-widget-container\">\n\t\t\t<style>\/*! elementor - v3.16.0 - 20-09-2023 *\/\n.elementor-column .elementor-spacer-inner{height:var(--spacer-size)}.e-con{--container-widget-width:100%}.e-con-inner>.elementor-widget-spacer,.e-con>.elementor-widget-spacer{width:var(--container-widget-width,var(--spacer-size));--align-self:var(--container-widget-align-self,initial);--flex-shrink:0}.e-con-inner>.elementor-widget-spacer>.elementor-widget-container,.e-con>.elementor-widget-spacer>.elementor-widget-container{height:100%;width:100%}.e-con-inner>.elementor-widget-spacer>.elementor-widget-container>.elementor-spacer,.e-con>.elementor-widget-spacer>.elementor-widget-container>.elementor-spacer{height:100%}.e-con-inner>.elementor-widget-spacer>.elementor-widget-container>.elementor-spacer>.elementor-spacer-inner,.e-con>.elementor-widget-spacer>.elementor-widget-container>.elementor-spacer>.elementor-spacer-inner{height:var(--container-widget-height,var(--spacer-size))}.e-con-inner>.elementor-widget-spacer.elementor-widget-empty,.e-con>.elementor-widget-spacer.elementor-widget-empty{position:relative;min-height:22px;min-width:22px}.e-con-inner>.elementor-widget-spacer.elementor-widget-empty .elementor-widget-empty-icon,.e-con>.elementor-widget-spacer.elementor-widget-empty .elementor-widget-empty-icon{position:absolute;top:0;bottom:0;left:0;right:0;margin:auto;padding:0;width:22px;height:22px}<\/style>\t\t<div class=\"elementor-spacer\">\n\t\t\t<div class=\"elementor-spacer-inner\"><\/div>\n\t\t<\/div>\n\t\t\t\t<\/div>\n\t\t\t\t<\/div>\n\t\t\t\t\t<\/div>\n\t\t<\/div>\n\t\t\t\t\t\t\t<\/div>\n\t\t<\/section>\n\t\t\t\t<section class=\"elementor-section elementor-top-section elementor-element elementor-element-7355d49 elementor-section-boxed elementor-section-height-default elementor-section-height-default\" data-id=\"7355d49\" data-element_type=\"section\">\n\t\t\t\t\t\t<div class=\"elementor-container elementor-column-gap-default\">\n\t\t\t\t\t<div class=\"elementor-column elementor-col-100 elementor-top-column elementor-element elementor-element-4a96d01\" data-id=\"4a96d01\" data-element_type=\"column\">\n\t\t\t<div class=\"elementor-widget-wrap elementor-element-populated\">\n\t\t\t\t\t\t\t\t<div class=\"elementor-element elementor-element-bd6a5ab elementor-widget elementor-widget-spacer\" data-id=\"bd6a5ab\" data-element_type=\"widget\" data-widget_type=\"spacer.default\">\n\t\t\t\t<div class=\"elementor-widget-container\">\n\t\t\t\t\t<div class=\"elementor-spacer\">\n\t\t\t<div class=\"elementor-spacer-inner\"><\/div>\n\t\t<\/div>\n\t\t\t\t<\/div>\n\t\t\t\t<\/div>\n\t\t\t\t<div class=\"elementor-element elementor-element-127bfb5 elementor-widget elementor-widget-heading\" data-id=\"127bfb5\" data-element_type=\"widget\" data-widget_type=\"heading.default\">\n\t\t\t\t<div class=\"elementor-widget-container\">\n\t\t\t<style>\/*! elementor - v3.16.0 - 20-09-2023 *\/\n.elementor-heading-title{padding:0;margin:0;line-height:1}.elementor-widget-heading .elementor-heading-title[class*=elementor-size-]>a{color:inherit;font-size:inherit;line-height:inherit}.elementor-widget-heading .elementor-heading-title.elementor-size-small{font-size:15px}.elementor-widget-heading .elementor-heading-title.elementor-size-medium{font-size:19px}.elementor-widget-heading .elementor-heading-title.elementor-size-large{font-size:29px}.elementor-widget-heading .elementor-heading-title.elementor-size-xl{font-size:39px}.elementor-widget-heading .elementor-heading-title.elementor-size-xxl{font-size:59px}<\/style><h2 class=\"elementor-heading-title elementor-size-default\">Aquagym<\/h2>\t\t<\/div>\n\t\t\t\t<\/div>\n\t\t\t\t<div class=\"elementor-element elementor-element-ecded0e elementor-widget__width-initial elementor-widget elementor-widget-image\" data-id=\"ecded0e\" data-element_type=\"widget\" data-widget_type=\"image.default\">\n\t\t\t\t<div class=\"elementor-widget-container\">\n\t\t\t<style>\/*! elementor - v3.16.0 - 20-09-2023 *\/\n.elementor-widget-image{text-align:center}.elementor-widget-image a{display:inline-block}.elementor-widget-image a img[src$=\".svg\"]{width:48px}.elementor-widget-image img{vertical-align:middle;display:inline-block}<\/style>\t\t\t\t\t\t\t\t\t\t\t\t<img decoding=\"async\" width=\"1200\" height=\"1006\" src=\"https:\/\/usc2.uscagnes-natation.fr\/wp-content\/uploads\/2023\/04\/Aquagym-1.jpg\" class=\"attachment-1536x1536 size-1536x1536 wp-image-1406\" alt=\"\" loading=\"lazy\" srcset=\"https:\/\/usc2.uscagnes-natation.fr\/wp-content\/uploads\/2023\/04\/Aquagym-1.jpg 1200w, https:\/\/usc2.uscagnes-natation.fr\/wp-content\/uploads\/2023\/04\/Aquagym-1-300x252.jpg 300w, https:\/\/usc2.uscagnes-natation.fr\/wp-content\/uploads\/2023\/04\/Aquagym-1-1024x858.jpg 1024w, https:\/\/usc2.uscagnes-natation.fr\/wp-content\/uploads\/2023\/04\/Aquagym-1-768x644.jpg 768w\" sizes=\"(max-width: 1200px) 100vw, 1200px\" \/>\t\t\t\t\t\t\t\t\t\t\t\t\t\t\t<\/div>\n\t\t\t\t<\/div>\n\t\t\t\t<div class=\"elementor-element elementor-element-cfa35fd elementor-widget elementor-widget-spacer\" data-id=\"cfa35fd\" data-element_type=\"widget\" data-widget_type=\"spacer.default\">\n\t\t\t\t<div class=\"elementor-widget-container\">\n\t\t\t\t\t<div class=\"elementor-spacer\">\n\t\t\t<div class=\"elementor-spacer-inner\"><\/div>\n\t\t<\/div>\n\t\t\t\t<\/div>\n\t\t\t\t<\/div>\n\t\t\t\t<div class=\"elementor-element elementor-element-91ac602 elementor-widget elementor-widget-heading\" data-id=\"91ac602\" data-element_type=\"widget\" data-widget_type=\"heading.default\">\n\t\t\t\t<div class=\"elementor-widget-container\">\n\t\t\t<h4 class=\"elementor-heading-title elementor-size-default\">AQUAGYM  \"NAGEZ FORME BIEN-ETRE\"<\/h4>\t\t<\/div>\n\t\t\t\t<\/div>\n\t\t\t\t\t<\/div>\n\t\t<\/div>\n\t\t\t\t\t\t\t<\/div>\n\t\t<\/section>\n\t\t\t\t<section class=\"elementor-section elementor-top-section elementor-element elementor-element-6f7372f elementor-section-boxed elementor-section-height-default elementor-section-height-default\" data-id=\"6f7372f\" data-element_type=\"section\">\n\t\t\t\t\t\t<div class=\"elementor-container elementor-column-gap-default\">\n\t\t\t\t\t<div class=\"elementor-column elementor-col-66 elementor-top-column elementor-element elementor-element-4712c77\" data-id=\"4712c77\" data-element_type=\"column\">\n\t\t\t<div class=\"elementor-widget-wrap elementor-element-populated\">\n\t\t\t\t\t\t\t\t<div class=\"elementor-element elementor-element-70d0f65 elementor-widget elementor-widget-text-editor\" data-id=\"70d0f65\" data-element_type=\"widget\" data-widget_type=\"text-editor.default\">\n\t\t\t\t<div class=\"elementor-widget-container\">\n\t\t\t<style>\/*! elementor - v3.16.0 - 20-09-2023 *\/\n.elementor-widget-text-editor.elementor-drop-cap-view-stacked .elementor-drop-cap{background-color:#69727d;color:#fff}.elementor-widget-text-editor.elementor-drop-cap-view-framed .elementor-drop-cap{color:#69727d;border:3px solid;background-color:transparent}.elementor-widget-text-editor:not(.elementor-drop-cap-view-default) .elementor-drop-cap{margin-top:8px}.elementor-widget-text-editor:not(.elementor-drop-cap-view-default) .elementor-drop-cap-letter{width:1em;height:1em}.elementor-widget-text-editor .elementor-drop-cap{float:left;text-align:center;line-height:1;font-size:50px}.elementor-widget-text-editor .elementor-drop-cap-letter{display:inline-block}<\/style>\t\t\t\t<div class=\"x11i5rnm xat24cr x1mh8g0r x1vvkbs xdj266r x126k92a\"><div dir=\"auto\" style=\"text-align: center;\"><strong>L\u2019AQUAGYM : LE COMPROMIS PARFAIT ENTRE SPORT ET DETENTE<\/strong><\/div><div dir=\"auto\">L\u2019immersion dans l\u2019eau facilite tous les mouvements. Cette activit\u00e9 est particuli\u00e8rement bien adapt\u00e9e \u00e0 ceux qui ne sont pas forc\u00e9ment des grands sportifs et s&rsquo;adresse \u00e0 tous les \u00e2ges.<\/div><\/div><div class=\"x11i5rnm xat24cr x1mh8g0r x1vvkbs xtlvy1s x126k92a\"><div dir=\"auto\">La r\u00e9sistance de l\u2019eau, 15 fois sup\u00e9rieure \u00e0 celle de l\u2019air, apporte une pression sur le corps qui d\u00e9cuple les efforts \u00e0 fournir pour chaque mouvement, en \u00e9vitant tout stress musculaire. La diff\u00e9rence ne se ressent pas, mais les r\u00e9sultats sont visibles rapidement !\u00a0<\/div><\/div><div class=\"x11i5rnm xat24cr x1mh8g0r x1vvkbs xtlvy1s x126k92a\"><div dir=\"auto\">Les bienfaits sont aussi ludiques : impossible de s\u2019ennuyer pendant les s\u00e9ances, gr\u00e2ce \u00e0 la diversit\u00e9 des encha\u00eenements propos\u00e9s, rythm\u00e9s sur support musical, sous l\u2019\u0153il attentif de vos coachs qui vous encouragent sans cesse et interagissent avec vous.<\/div><\/div><div class=\"x11i5rnm xat24cr x1mh8g0r x1vvkbs xtlvy1s x126k92a\"><div dir=\"auto\">Si vous souhaitez am\u00e9liorer votre condition physique avec plaisir, venez nous rejoindre !<\/div><div dir=\"auto\">VOUS L&rsquo;AUREZ COMPRIS, L&rsquo;AQUAGYM C&rsquo;EST BON POUR LA SANTE ET POUR LE MORAL !<\/div><\/div>\t\t\t\t\t\t<\/div>\n\t\t\t\t<\/div>\n\t\t\t\t\t<\/div>\n\t\t<\/div>\n\t\t\t\t<div class=\"elementor-column elementor-col-33 elementor-top-column elementor-element elementor-element-6122a35\" data-id=\"6122a35\" data-element_type=\"column\">\n\t\t\t<div class=\"elementor-widget-wrap elementor-element-populated\">\n\t\t\t\t\t\t\t\t<div class=\"elementor-element elementor-element-40962ca elementor-widget elementor-widget-text-editor\" data-id=\"40962ca\" data-element_type=\"widget\" data-widget_type=\"text-editor.default\">\n\t\t\t\t<div class=\"elementor-widget-container\">\n\t\t\t\t\t\t\t<div id=\"J0cOPaHJ\" class=\"tw-para twps-panel\"><h3>Horaires<\/h3><div class=\"ptext\"><p>Lundi\u00a0 \u00a0 \u00a0 16 h 00\u00a0 \u00e0\u00a0 17 h 00<br \/>Lundi\u00a0 \u00a0 \u00a0 20 h 30\u00a0 \u00e0\u00a0 21 h 30<br \/>Jeudi\u00a0 \u00a0 \u00a0 19 h 30\u00a0 \u00e0\u00a0 20 h 30<br \/>Samedi\u00a0 \u00a011 h 00\u00a0 \u00e0\u00a0 12 h 00<\/p><p><strong style=\"font-size: 1.5em;\">Tarifs<\/strong><strong style=\"font-size: 1.5em;\"> <br \/><\/strong><strong style=\"font-size: 16px;\">COTISATION TRIMESTRIELLE<br \/><\/strong><strong style=\"font-size: 16px;\">PAR CRENEAU<\/strong><\/p><p><span style=\"font-size: 16px;\">1er T. (sept-dec)\u00a0 :\u00a0 1<\/span><strong style=\"font-size: 16px;\">05\u20ac<\/strong><\/p><p><span style=\"font-size: 16px;\">2\u00e8me T. (janv-mars) :<br \/>Cagnois\u00a0 \u00a0 \u00a0 :<strong> 110\u20ac<\/strong><br \/>Ext\u00e9rieurs : <strong>115\u20ac<\/strong><\/span><\/p><p><span style=\"font-size: 16px;\">3\u00e8me T. (avril-juin) :<br \/>Cagnois\u00a0 \u00a0 \u00a0 :<strong> 110\u20ac<\/strong><br \/>Ext\u00e9rieurs : <strong>115\u20ac<\/strong><\/span><\/p><\/div><\/div><div id=\"ePkU9CrS\" class=\"tw-para twps-panel\"><div class=\"ptext\"><p><strong>LICENCE INDIVIDUELLE FEDERALE <\/strong><strong>ANNUELLE\u00a0 <\/strong><strong>20\u20ac<\/strong><\/p><\/div><\/div>\t\t\t\t\t\t<\/div>\n\t\t\t\t<\/div>\n\t\t\t\t\t<\/div>\n\t\t<\/div>\n\t\t\t\t\t\t\t<\/div>\n\t\t<\/section>\n\t\t\t\t<section class=\"elementor-section elementor-top-section elementor-element elementor-element-ba8e90b elementor-section-boxed elementor-section-height-default elementor-section-height-default\" data-id=\"ba8e90b\" data-element_type=\"section\">\n\t\t\t\t\t\t<div class=\"elementor-container elementor-column-gap-default\">\n\t\t\t\t\t<div class=\"elementor-column elementor-col-33 elementor-top-column elementor-element elementor-element-c87f3b6\" data-id=\"c87f3b6\" data-element_type=\"column\">\n\t\t\t<div class=\"elementor-widget-wrap elementor-element-populated\">\n\t\t\t\t\t\t\t\t<div class=\"elementor-element elementor-element-7a5dca5 elementor-widget elementor-widget-text-editor\" data-id=\"7a5dca5\" data-element_type=\"widget\" data-widget_type=\"text-editor.default\">\n\t\t\t\t<div class=\"elementor-widget-container\">\n\t\t\t\t\t\t\t<p>Les s\u00e9ances durent 50 minutes et connaissent en 18 ans d\u2019existence, un engouement toujours grandissant, le nombre d\u2019adh\u00e9rents ayant doubl\u00e9 depuis sa cr\u00e9ation.<br \/>Les s\u00e9ances sont \u00a0toniques et rythm\u00e9es avec un support musical \u00e0 la satisfaction des participants.<br \/>Les cours s&rsquo;adressent\u00a0 \u00e0 un public mixte.<br \/>\u00a0Il existe de nombreuses formes d&rsquo;aquagym diff\u00e9rentes, douces ou toniques, qui permettent \u00e0 chacun, quelle que soit sa condition physique, de pratiquer cette activit\u00e9 aquatique.<\/p><p>L\u2019aquagym\u00a0: un minimum d\u2019efforts pour un maximum de r\u00e9sultats\u00a0!<br \/>L\u2019aquagym est un excellent moyen d\u2019allier l\u2019aspect d\u00e9tente\/plaisir de la piscine et les bienfaits d\u2019une activit\u00e9 sportive.<br \/>L&rsquo;immersion dans l\u2019eau, \u00a0facilite tous les mouvements sans traumatologie articulaire. L\u2019aquagym est donc particuli\u00e8rement bien adapt\u00e9e \u00e0 ceux qui ne sont pas forc\u00e9ment de grands sportifs.<br \/>Pourtant, compar\u00e9e \u00e0 l\u2019air, l\u2019eau cr\u00e9e plus de r\u00e9sistance, ce qui oblige les muscles \u00e0 travailler davantage. La diff\u00e9rence ne se ressent pas, mais les r\u00e9sultats sont visibles plus rapidement.\u00a0<br \/>On dit que 30 minutes d\u2019aquagym \u00e9quivalent \u00e0 1h30\u00a0de gymnastique terrestre \u00a0!<\/p>\t\t\t\t\t\t<\/div>\n\t\t\t\t<\/div>\n\t\t\t\t\t<\/div>\n\t\t<\/div>\n\t\t\t\t<div class=\"elementor-column elementor-col-66 elementor-top-column elementor-element elementor-element-e71e73f\" data-id=\"e71e73f\" data-element_type=\"column\">\n\t\t\t<div class=\"elementor-widget-wrap elementor-element-populated\">\n\t\t\t\t\t\t\t\t<div class=\"elementor-element elementor-element-2b18edd elementor-widget elementor-widget-image\" data-id=\"2b18edd\" data-element_type=\"widget\" data-widget_type=\"image.default\">\n\t\t\t\t<div class=\"elementor-widget-container\">\n\t\t\t\t\t\t\t\t\t\t\t\t\t\t\t<img decoding=\"async\" width=\"818\" height=\"1024\" src=\"https:\/\/usc2.uscagnes-natation.fr\/wp-content\/uploads\/2023\/04\/aquagym-818x1024.jpg\" class=\"attachment-large size-large wp-image-1401\" alt=\"\" loading=\"lazy\" srcset=\"https:\/\/usc2.uscagnes-natation.fr\/wp-content\/uploads\/2023\/04\/aquagym-818x1024.jpg 818w, https:\/\/usc2.uscagnes-natation.fr\/wp-content\/uploads\/2023\/04\/aquagym-240x300.jpg 240w, https:\/\/usc2.uscagnes-natation.fr\/wp-content\/uploads\/2023\/04\/aquagym-768x961.jpg 768w, https:\/\/usc2.uscagnes-natation.fr\/wp-content\/uploads\/2023\/04\/aquagym.jpg 875w\" sizes=\"(max-width: 818px) 100vw, 818px\" \/>\t\t\t\t\t\t\t\t\t\t\t\t\t\t\t<\/div>\n\t\t\t\t<\/div>\n\t\t\t\t\t<\/div>\n\t\t<\/div>\n\t\t\t\t\t\t\t<\/div>\n\t\t<\/section>\n\t\t\t\t\t\t\t<\/div>\n\t\t","protected":false},"excerpt":{"rendered":"<p>Aquagym AQUAGYM \u00ab\u00a0NAGEZ FORME BIEN-ETRE\u00a0\u00bb L\u2019AQUAGYM : LE COMPROMIS PARFAIT ENTRE SPORT ET DETENTEL\u2019immersion dans l\u2019eau facilite tous les mouvements. Cette activit\u00e9 est particuli\u00e8rement bien adapt\u00e9e \u00e0 ceux qui ne sont pas forc\u00e9ment des grands sportifs et s&rsquo;adresse \u00e0 tous les \u00e2ges.La r\u00e9sistance de l\u2019eau, 15 fois sup\u00e9rieure \u00e0 celle de l\u2019air, apporte une pression &hellip;<\/p>\n<p class=\"read-more\"> <a class=\"\" href=\"https:\/\/usc2.uscagnes-natation.fr\/index.php\/aquagym\/\"> <span class=\"screen-reader-text\">Aquagym<\/span> Lire la suite\u00a0\u00bb<\/a><\/p>\n","protected":false},"author":1,"featured_media":0,"parent":0,"menu_order":0,"comment_status":"closed","ping_status":"closed","template":"","meta":{"_uag_custom_page_level_css":"","site-sidebar-layout":"no-sidebar","site-content-layout":"page-builder","ast-global-header-display":"","ast-main-header-display":"","ast-hfb-above-header-display":"","ast-hfb-below-header-display":"","ast-hfb-mobile-header-display":"","site-post-title":"disabled","ast-breadcrumbs-content":"","ast-featured-img":"disabled","footer-sml-layout":"","theme-transparent-header-meta":"","adv-header-id-meta":"","stick-header-meta":"","header-above-stick-meta":"","header-main-stick-meta":"","header-below-stick-meta":""},"uagb_featured_image_src":{"full":false,"thumbnail":false,"medium":false,"medium_large":false,"large":false,"1536x1536":false,"2048x2048":false},"uagb_author_info":{"display_name":"usc.natation","author_link":"https:\/\/usc2.uscagnes-natation.fr\/index.php\/author\/usc-natation\/"},"uagb_comment_info":0,"uagb_excerpt":"Aquagym AQUAGYM \u00ab\u00a0NAGEZ FORME BIEN-ETRE\u00a0\u00bb L\u2019AQUAGYM : LE COMPROMIS PARFAIT ENTRE SPORT ET DETENTEL\u2019immersion dans l\u2019eau facilite tous les mouvements. Cette activit\u00e9 est particuli\u00e8rement bien adapt\u00e9e \u00e0 ceux qui ne sont pas forc\u00e9ment des grands sportifs et s&rsquo;adresse \u00e0 tous les \u00e2ges.La r\u00e9sistance de l\u2019eau, 15 fois sup\u00e9rieure \u00e0 celle de l\u2019air, apporte une pression\u2026","_links":{"self":[{"href":"https:\/\/usc2.uscagnes-natation.fr\/index.php\/wp-json\/wp\/v2\/pages\/1376"}],"collection":[{"href":"https:\/\/usc2.uscagnes-natation.fr\/index.php\/wp-json\/wp\/v2\/pages"}],"about":[{"href":"https:\/\/usc2.uscagnes-natation.fr\/index.php\/wp-json\/wp\/v2\/types\/page"}],"author":[{"embeddable":true,"href":"https:\/\/usc2.uscagnes-natation.fr\/index.php\/wp-json\/wp\/v2\/users\/1"}],"replies":[{"embeddable":true,"href":"https:\/\/usc2.uscagnes-natation.fr\/index.php\/wp-json\/wp\/v2\/comments?post=1376"}],"version-history":[{"count":28,"href":"https:\/\/usc2.uscagnes-natation.fr\/index.php\/wp-json\/wp\/v2\/pages\/1376\/revisions"}],"predecessor-version":[{"id":2298,"href":"https:\/\/usc2.uscagnes-natation.fr\/index.php\/wp-json\/wp\/v2\/pages\/1376\/revisions\/2298"}],"wp:attachment":[{"href":"https:\/\/usc2.uscagnes-natation.fr\/index.php\/wp-json\/wp\/v2\/media?parent=1376"}],"curies":[{"name":"wp","href":"https:\/\/api.w.org\/{rel}","templated":true}]}}