{"id":1503,"date":"2023-05-25T09:11:39","date_gmt":"2023-05-25T07:11:39","guid":{"rendered":"https:\/\/usc2.uscagnes-natation.fr\/?page_id=1503"},"modified":"2026-01-27T11:35:45","modified_gmt":"2026-01-27T10:35:45","slug":"notre-club","status":"publish","type":"page","link":"https:\/\/usc2.uscagnes-natation.fr\/index.php\/notre-club\/","title":{"rendered":"Notre club"},"content":{"rendered":"\t\t<div data-elementor-type=\"wp-page\" data-elementor-id=\"1503\" class=\"elementor elementor-1503\">\n\t\t\t\t\t\t\t\t\t<section class=\"elementor-section elementor-top-section elementor-element elementor-element-4dec9fb elementor-section-height-min-height elementor-section-boxed elementor-section-height-default elementor-section-items-middle\" data-id=\"4dec9fb\" data-element_type=\"section\" data-settings=\"{&quot;background_background&quot;:&quot;classic&quot;}\">\n\t\t\t\t\t\t\t<div class=\"elementor-background-overlay\"><\/div>\n\t\t\t\t\t\t\t<div class=\"elementor-container elementor-column-gap-default\">\n\t\t\t\t\t<div class=\"elementor-column elementor-col-100 elementor-top-column elementor-element elementor-element-72a1003\" data-id=\"72a1003\" data-element_type=\"column\">\n\t\t\t<div class=\"elementor-widget-wrap elementor-element-populated\">\n\t\t\t\t\t\t\t\t\t<\/div>\n\t\t<\/div>\n\t\t\t\t\t\t\t<\/div>\n\t\t<\/section>\n\t\t\t\t<section class=\"elementor-section elementor-top-section elementor-element elementor-element-59ffd42 elementor-section-boxed elementor-section-height-default elementor-section-height-default\" data-id=\"59ffd42\" data-element_type=\"section\">\n\t\t\t\t\t\t<div class=\"elementor-container elementor-column-gap-default\">\n\t\t\t\t\t<div class=\"elementor-column elementor-col-100 elementor-top-column elementor-element elementor-element-84ac559\" data-id=\"84ac559\" data-element_type=\"column\">\n\t\t\t<div class=\"elementor-widget-wrap elementor-element-populated\">\n\t\t\t\t\t\t\t\t<div class=\"elementor-element elementor-element-50c404e elementor-widget elementor-widget-text-editor\" data-id=\"50c404e\" data-element_type=\"widget\" data-widget_type=\"text-editor.default\">\n\t\t\t\t<div class=\"elementor-widget-container\">\n\t\t\t<style>\/*! elementor - v3.16.0 - 20-09-2023 *\/\n.elementor-widget-text-editor.elementor-drop-cap-view-stacked .elementor-drop-cap{background-color:#69727d;color:#fff}.elementor-widget-text-editor.elementor-drop-cap-view-framed .elementor-drop-cap{color:#69727d;border:3px solid;background-color:transparent}.elementor-widget-text-editor:not(.elementor-drop-cap-view-default) .elementor-drop-cap{margin-top:8px}.elementor-widget-text-editor:not(.elementor-drop-cap-view-default) .elementor-drop-cap-letter{width:1em;height:1em}.elementor-widget-text-editor .elementor-drop-cap{float:left;text-align:center;line-height:1;font-size:50px}.elementor-widget-text-editor .elementor-drop-cap-letter{display:inline-block}<\/style>\t\t\t\t<p>Le club, cr\u00e9\u00e9 en septembre 1980 a 46 ans d&rsquo;existence !<br \/>L\u2019objet statutaire concerne la pratique de la natation et des activit\u00e9s aquatiques annexes et l\u2019\u00e9ducation des jeunes par le sport.<br \/>L&rsquo;association compte plus de 820 adh\u00e9rents pour la saison sportive 2024\/2025<\/p><p>Son Comit\u00e9 Directeur est repr\u00e9sent\u00e9 par 23 dirigeants b\u00e9n\u00e9voles qui \u0153uvrent au sein de notre structure au moment des manifestations qui sont aid\u00e9s par des personnes b\u00e9n\u00e9voles occasionnelles comme par exemple les conjoints dont un bureau \u00e9toff\u00e9 cette ann\u00e9e, compos\u00e9 de 8 personnes qui \u0153uvrent r\u00e9guli\u00e8rement.<\/p><p><u>Elle est compos\u00e9e de\u00a02 volets principaux<\/u> :<\/p><ul><li>La structure administrative qui comprend 2 personnes salari\u00e9es, l&rsquo;assistante de direction et l&rsquo;assistante comptable qui assurent l\u2019accueil, le secr\u00e9tariat, la comptabilit\u00e9 et la communication du club dont le site internet et les r\u00e9seaux sociaux et effectuent l\u2019ensemble des t\u00e2ches administratives, de gestion courante et de prise d\u2019inscriptions.<\/li><li>Le p\u00f4le sportif et technique qui s\u2019articule autour de 5 grands axes avec les disciplines :<\/li><\/ul><ol><li>Jardin aquatique (enfants de 6 mois \u00e0 5 ans)<\/li><li>Natation sportive mixte (de 5 ans \u00e0 70 ans)<\/li><li>Section aquagym loisir forme sant\u00e9 mixte sur 4 cr\u00e9neaux<\/li><li>La natation artistique (discipline f\u00e9minine)<\/li><li>La synchro form \u00e0 destination d\u2019un public f\u00e9minin adulte r\u00e9serv\u00e9e aux mamans de nageuses<\/li><\/ol><p>Un responsable sportif est \u00e0 la t\u00eate de chaque discipline. L\u2019\u00e9quipe p\u00e9dagogique est form\u00e9e de 7 MNS dipl\u00f4m\u00e9s titulaires du BPJEPS AAN, du BEESAN ou du BNSSA en qualit\u00e9 d\u2019\u00e9ducateurs sportifs ou de surveillants de baignade et support natation. Ces personnes encadrent et assurent l\u2019ensemble des s\u00e9ances, cours et entra\u00eenements de nos jeunes adh\u00e9rents et de nos membres adultes et s\u00e9niors.<\/p><p>Tous forment une \u00e9quipe soud\u00e9e r\u00e9unie autour de valeurs sportives de performance, de progression dans le respect et la convivialit\u00e9 et engag\u00e9e et impliqu\u00e9e pour d\u00e9velopper les diverses disciplines que regroupent l\u2019association :<\/p><ul><li>Les b\u00e9b\u00e9s nageurs<\/li><li>L\u2019Ecole de Natation<\/li><li>Le Perfectionnement<\/li><li>L\u2019Aquagym<\/li><li>La natation adulte<\/li><li>La natation synchronis\u00e9e<\/li><\/ul><p><strong><u>SON FONCTIONNEMENT<\/u><\/strong>\u00a0:<br \/>L\u2019association s\u2019adresse \u00e0 un public mixte \u00e0 pr\u00e9pond\u00e9rance jeune et \u00e0 60% f\u00e9minin allant des cours ludiques \u00e0 des entrainements orient\u00e9s comp\u00e9tition suivant les cr\u00e9neaux. Une grande proportion des adh\u00e9rents sont Cagnois ou appartiennent \u00e0 des territoires de proximit\u00e9.<br \/>Le club conna\u00eet des animations diverses qui ponctuent la saison sportive et permettent aux adh\u00e9rents d\u2019\u00e9voluer dans leur activit\u00e9 toujours avec un \u00e9tat d\u2019esprit sportif mais aussi convivial et familial. A titre d\u2019exemple, la galette des rois, les chocolats de P\u00e2ques, et un ap\u00e9ritif de cl\u00f4ture.<br \/>L\u2019association assure son fonctionnement par les recettes g\u00e9n\u00e9r\u00e9es par les adh\u00e9sions auxquelles s\u2019ajoutent les subventions municipales, du Conseil D\u00e9partemental, de l\u2019ANS. Le club ne dispose pas de sponsor priv\u00e9, mais d\u2019un partenaire qui nous soutient lors de notre manifestation de fin d\u2019ann\u00e9e par un boni offert sur l\u2019assurance manifestation.<\/p><p><strong><u>NOS POINTS FORTS<\/u><\/strong> :<br \/>Nous avons \u00e0 notre disposition la piscine municipale des Canebiers et nous b\u00e9n\u00e9ficions de cette infrastructure mise \u00e0 disposition gracieusement par la Municipalit\u00e9, sous forme d\u2019une convention d\u2019utilisation, ce qui nous permet d\u2019assurer l\u2019ensemble des disciplines et d\u2019accueillir un grand nombre de membres dans les cr\u00e9neaux horaires r\u00e9serv\u00e9s au club et qui nous sont impartis de mani\u00e8re hebdomadaire, except\u00e9 les 2 mois de vacances scolaires d\u2019\u00e9t\u00e9.<\/p><p>Chaque ann\u00e9e, le club organise un spectacle original de ballets nautiques qui cl\u00f4ture la saison sportive et qui au fil du temps est devenu un \u00e9v\u00e9nement sportif local d\u2019envergure. Notre \u00e9quipe p\u00e9dagogique rel\u00e8ve toujours un nouveau d\u00e9fi, celui d\u2019imaginer et de r\u00e9aliser une histoire originale afin de permettre \u00e0 chaque groupe de natation artistique de s\u2019exprimer individuellement et avec gr\u00e2ce sur un enchainement musical et sc\u00e9nique. La qualit\u00e9 de l\u2019encadrement sportif et artistique au profit de nos ballerines est mise en valeur \u00e0 cette occasion par la d\u00e9monstration de leurs acquis techniques et sportifs.<\/p><p><u>Pour la discipline natation sportive<\/u>\u00a0:<\/p><ul><li>des rencontres interclubs sportives auxquelles participent les nageurs \u00e2g\u00e9s de 5 \u00e0 17 ans non comp\u00e9titeurs de plusieurs clubs et qui s\u2019affrontent selon des cat\u00e9gories d\u2019\u00e2ge (Ecole de Natation et Perfectionnement) et en fonction de leur niveau et sur diff\u00e9rentes nages et distances.<\/li><li>Le passage des \u00e9preuves sauv\u2019nage et pass\u2019comp\u00e9tition sur site<\/li><\/ul><p><u>Pour la discipline natation synchronis\u00e9e<\/u>\u00a0:<\/p><ul><li>La participation \u00e0 des comp\u00e9titions f\u00e9d\u00e9rales sur site et \u00e0 l\u2019ext\u00e9rieur\u00a0: coupe promo, interclubs, Challenge, \u00e9preuves socles acquisition et d\u00e9veloppement<\/li><\/ul><p>Cette ann\u00e9e\u00a0: la formation de 4 jeunes adh\u00e9rents majeurs (3 hommes et 1 femme) que nous avons accompagn\u00e9s \u00e0 travers une pr\u00e9paration personnalis\u00e9e sur des cr\u00e9neaux suppl\u00e9mentaires pour des entra\u00eenements au sauvetage et remorquage de mannequin. Tous ont obtenu le BNSSA et 2 d\u2019entre eux s\u2019engagent vers la certification pompiers dans le cadre du SBAN. Ils seront surveillants de baignade sur les plages du d\u00e9partement durant la saison estivale<\/p><p><strong><u>LES OBJECTIFS<\/u><\/strong>\u00a0:<br \/>-s\u2019attacher \u00e0 ce que la natation reste un sport accessible \u00e0 tous et aussi en famille, donc p\u00e9renniser en premier lieu la vie de notre club et rester dans un cadre de coh\u00e9sion sociale.<br \/>-Maintenir le nombre d\u2019animations qui permettent de garder au sein du club un esprit amical et convivial par le sport et qui fid\u00e9lise les adh\u00e9sions familiales, le lien interg\u00e9n\u00e9rationnel. Par ailleurs la fr\u00e9quentation des parents accompagnant leurs enfants sur le site facilite la communication avec les membres de l\u2019association. Au fil des ann\u00e9es, nous avons constat\u00e9 qu\u2019une osmose s\u2019est cr\u00e9\u00e9e entre parents, enfants, membres et dirigeants de l\u2019association.<\/p>\t\t\t\t\t\t<\/div>\n\t\t\t\t<\/div>\n\t\t\t\t\t<\/div>\n\t\t<\/div>\n\t\t\t\t\t\t\t<\/div>\n\t\t<\/section>\n\t\t\t\t<section class=\"elementor-section elementor-top-section elementor-element elementor-element-c2897e2 elementor-section-boxed elementor-section-height-default elementor-section-height-default\" data-id=\"c2897e2\" data-element_type=\"section\">\n\t\t\t\t\t\t<div class=\"elementor-container elementor-column-gap-default\">\n\t\t\t\t\t<div class=\"elementor-column elementor-col-100 elementor-top-column elementor-element elementor-element-152e198\" data-id=\"152e198\" data-element_type=\"column\">\n\t\t\t<div class=\"elementor-widget-wrap elementor-element-populated\">\n\t\t\t\t\t\t\t\t<div class=\"elementor-element elementor-element-f586569 elementor-widget elementor-widget-text-editor\" data-id=\"f586569\" data-element_type=\"widget\" data-widget_type=\"text-editor.default\">\n\t\t\t\t<div class=\"elementor-widget-container\">\n\t\t\t\t\t\t\t<h4 style=\"text-align: center;\"><span style=\"color: #993300;\"><strong>LES ELUS<\/strong><\/span><\/h4>\t\t\t\t\t\t<\/div>\n\t\t\t\t<\/div>\n\t\t\t\t\t<\/div>\n\t\t<\/div>\n\t\t\t\t\t\t\t<\/div>\n\t\t<\/section>\n\t\t\t\t<section class=\"elementor-section elementor-top-section elementor-element elementor-element-8cbd1f9 elementor-section-boxed elementor-section-height-default elementor-section-height-default\" data-id=\"8cbd1f9\" data-element_type=\"section\">\n\t\t\t\t\t\t<div class=\"elementor-container elementor-column-gap-default\">\n\t\t\t\t\t<div class=\"elementor-column elementor-col-100 elementor-top-column elementor-element elementor-element-6caead8\" data-id=\"6caead8\" data-element_type=\"column\">\n\t\t\t<div class=\"elementor-widget-wrap elementor-element-populated\">\n\t\t\t\t\t\t\t\t<div class=\"elementor-element elementor-element-2df131e elementor-widget elementor-widget-image\" data-id=\"2df131e\" data-element_type=\"widget\" data-widget_type=\"image.default\">\n\t\t\t\t<div class=\"elementor-widget-container\">\n\t\t\t<style>\/*! elementor - v3.16.0 - 20-09-2023 *\/\n.elementor-widget-image{text-align:center}.elementor-widget-image a{display:inline-block}.elementor-widget-image a img[src$=\".svg\"]{width:48px}.elementor-widget-image img{vertical-align:middle;display:inline-block}<\/style>\t\t\t\t\t\t\t\t\t\t\t\t<img decoding=\"async\" width=\"1024\" height=\"768\" src=\"https:\/\/usc2.uscagnes-natation.fr\/wp-content\/uploads\/2026\/01\/organigramme-1024x768.png\" class=\"attachment-large size-large wp-image-2541\" alt=\"\" loading=\"lazy\" srcset=\"https:\/\/usc2.uscagnes-natation.fr\/wp-content\/uploads\/2026\/01\/organigramme-1024x768.png 1024w, https:\/\/usc2.uscagnes-natation.fr\/wp-content\/uploads\/2026\/01\/organigramme-300x225.png 300w, https:\/\/usc2.uscagnes-natation.fr\/wp-content\/uploads\/2026\/01\/organigramme-768x576.png 768w, https:\/\/usc2.uscagnes-natation.fr\/wp-content\/uploads\/2026\/01\/organigramme.png 1152w\" sizes=\"(max-width: 1024px) 100vw, 1024px\" \/>\t\t\t\t\t\t\t\t\t\t\t\t\t\t\t<\/div>\n\t\t\t\t<\/div>\n\t\t\t\t\t<\/div>\n\t\t<\/div>\n\t\t\t\t\t\t\t<\/div>\n\t\t<\/section>\n\t\t\t\t\t\t\t<\/div>\n\t\t","protected":false},"excerpt":{"rendered":"<p>Le club, cr\u00e9\u00e9 en septembre 1980 a 46 ans d&rsquo;existence !L\u2019objet statutaire concerne la pratique de la natation et des activit\u00e9s aquatiques annexes et l\u2019\u00e9ducation des jeunes par le sport.L&rsquo;association compte plus de 820 adh\u00e9rents pour la saison sportive 2024\/2025 Son Comit\u00e9 Directeur est repr\u00e9sent\u00e9 par 23 dirigeants b\u00e9n\u00e9voles qui \u0153uvrent au sein de notre &hellip;<\/p>\n<p class=\"read-more\"> <a class=\"\" href=\"https:\/\/usc2.uscagnes-natation.fr\/index.php\/notre-club\/\"> <span class=\"screen-reader-text\">Notre club<\/span> Lire la suite\u00a0\u00bb<\/a><\/p>\n","protected":false},"author":1,"featured_media":0,"parent":0,"menu_order":0,"comment_status":"closed","ping_status":"closed","template":"","meta":{"_uag_custom_page_level_css":"","site-sidebar-layout":"no-sidebar","site-content-layout":"page-builder","ast-global-header-display":"","ast-main-header-display":"","ast-hfb-above-header-display":"","ast-hfb-below-header-display":"","ast-hfb-mobile-header-display":"","site-post-title":"disabled","ast-breadcrumbs-content":"","ast-featured-img":"disabled","footer-sml-layout":"","theme-transparent-header-meta":"","adv-header-id-meta":"","stick-header-meta":"","header-above-stick-meta":"","header-main-stick-meta":"","header-below-stick-meta":""},"uagb_featured_image_src":{"full":false,"thumbnail":false,"medium":false,"medium_large":false,"large":false,"1536x1536":false,"2048x2048":false},"uagb_author_info":{"display_name":"usc.natation","author_link":"https:\/\/usc2.uscagnes-natation.fr\/index.php\/author\/usc-natation\/"},"uagb_comment_info":0,"uagb_excerpt":"Le club, cr\u00e9\u00e9 en septembre 1980 a 46 ans d&rsquo;existence !L\u2019objet statutaire concerne la pratique de la natation et des activit\u00e9s aquatiques annexes et l\u2019\u00e9ducation des jeunes par le sport.L&rsquo;association compte plus de 820 adh\u00e9rents pour la saison sportive 2024\/2025 Son Comit\u00e9 Directeur est repr\u00e9sent\u00e9 par 23 dirigeants b\u00e9n\u00e9voles qui \u0153uvrent au sein de notre\u2026","_links":{"self":[{"href":"https:\/\/usc2.uscagnes-natation.fr\/index.php\/wp-json\/wp\/v2\/pages\/1503"}],"collection":[{"href":"https:\/\/usc2.uscagnes-natation.fr\/index.php\/wp-json\/wp\/v2\/pages"}],"about":[{"href":"https:\/\/usc2.uscagnes-natation.fr\/index.php\/wp-json\/wp\/v2\/types\/page"}],"author":[{"embeddable":true,"href":"https:\/\/usc2.uscagnes-natation.fr\/index.php\/wp-json\/wp\/v2\/users\/1"}],"replies":[{"embeddable":true,"href":"https:\/\/usc2.uscagnes-natation.fr\/index.php\/wp-json\/wp\/v2\/comments?post=1503"}],"version-history":[{"count":31,"href":"https:\/\/usc2.uscagnes-natation.fr\/index.php\/wp-json\/wp\/v2\/pages\/1503\/revisions"}],"predecessor-version":[{"id":2550,"href":"https:\/\/usc2.uscagnes-natation.fr\/index.php\/wp-json\/wp\/v2\/pages\/1503\/revisions\/2550"}],"wp:attachment":[{"href":"https:\/\/usc2.uscagnes-natation.fr\/index.php\/wp-json\/wp\/v2\/media?parent=1503"}],"curies":[{"name":"wp","href":"https:\/\/api.w.org\/{rel}","templated":true}]}}